{"id":366,"date":"2020-03-13T08:06:47","date_gmt":"2020-03-13T08:06:47","guid":{"rendered":"https:\/\/demo.creativethemes.com\/blocksy\/modern-shop\/shop\/"},"modified":"2023-12-13T18:17:56","modified_gmt":"2023-12-13T21:17:56","slug":"produtos-selecionados","status":"publish","type":"page","link":"https:\/\/selodeminas.com.br\/index.php\/produtos-selecionados\/","title":{"rendered":"Produtos selecionados"},"content":{"rendered":"","protected":false},"excerpt":{"rendered":"","protected":false},"author":1,"featured_media":0,"parent":0,"menu_order":0,"comment_status":"closed","ping_status":"closed","template":"","meta":{"footnotes":""},"class_list":["post-366","page","type-page","status-publish","hentry"],"blocksy_meta":[],"yoast_head":"<!-- This site is optimized with the Yoast SEO plugin v27.3 - https:\/\/yoast.com\/product\/yoast-seo-wordpress\/ -->\n<title>Produtos selecionados - Selo de Minas<\/title>\n<meta name=\"description\" content=\"Veja nossa sele\u00e7\u00e3o de produtos, caf\u00e9s especiais, doces, cacha\u00e7as e aguas minerais com g\u00e1s natural, direto de Minas Gerais.\" \/>\n<meta name=\"robots\" content=\"index, follow, max-snippet:-1, max-image-preview:large, max-video-preview:-1\" \/>\n<link rel=\"canonical\" href=\"https:\/\/selodeminas.com.br\/index.php\/produtos-selecionados\/\" \/>\n<meta property=\"og:locale\" content=\"pt_BR\" \/>\n<meta property=\"og:type\" content=\"article\" \/>\n<meta property=\"og:title\" content=\"Produtos selecionados - Selo de Minas\" \/>\n<meta property=\"og:description\" content=\"Veja nossa sele\u00e7\u00e3o de produtos, caf\u00e9s especiais, doces, cacha\u00e7as e aguas minerais com g\u00e1s natural, direto de Minas Gerais.\" \/>\n<meta property=\"og:url\" content=\"https:\/\/selodeminas.com.br\/index.php\/produtos-selecionados\/\" \/>\n<meta property=\"og:site_name\" content=\"Selo de Minas\" \/>\n<meta property=\"article:publisher\" content=\"https:\/\/www.facebook.com\/people\/Selodeminas\/61552684990887\/?locale=pt_BR\" \/>\n<meta property=\"article:modified_time\" content=\"2023-12-13T21:17:56+00:00\" \/>\n<meta property=\"og:image\" content=\"https:\/\/selodeminas.com.br\/wp-content\/uploads\/2023\/11\/base_logo_transparent_background.png\" \/>\n\t<meta property=\"og:image:width\" content=\"3125\" \/>\n\t<meta property=\"og:image:height\" content=\"1875\" \/>\n\t<meta property=\"og:image:type\" content=\"image\/png\" \/>\n<meta name=\"twitter:card\" content=\"summary_large_image\" \/>\n<script type=\"application\/ld+json\" class=\"yoast-schema-graph\">{\"@context\":\"https:\\\/\\\/schema.org\",\"@graph\":[{\"@type\":\"WebPage\",\"@id\":\"https:\\\/\\\/selodeminas.com.br\\\/index.php\\\/produtos-selecionados\\\/\",\"url\":\"https:\\\/\\\/selodeminas.com.br\\\/index.php\\\/produtos-selecionados\\\/\",\"name\":\"Produtos selecionados - Selo de Minas\",\"isPartOf\":{\"@id\":\"https:\\\/\\\/selodeminas.com.br\\\/#website\"},\"datePublished\":\"2020-03-13T08:06:47+00:00\",\"dateModified\":\"2023-12-13T21:17:56+00:00\",\"description\":\"Veja nossa sele\u00e7\u00e3o de produtos, caf\u00e9s especiais, doces, cacha\u00e7as e aguas minerais com g\u00e1s natural, direto de Minas Gerais.\",\"breadcrumb\":{\"@id\":\"https:\\\/\\\/selodeminas.com.br\\\/index.php\\\/produtos-selecionados\\\/#breadcrumb\"},\"inLanguage\":\"pt-BR\",\"potentialAction\":[{\"@type\":\"ReadAction\",\"target\":[\"https:\\\/\\\/selodeminas.com.br\\\/index.php\\\/produtos-selecionados\\\/\"]}]},{\"@type\":\"BreadcrumbList\",\"@id\":\"https:\\\/\\\/selodeminas.com.br\\\/index.php\\\/produtos-selecionados\\\/#breadcrumb\",\"itemListElement\":[{\"@type\":\"ListItem\",\"position\":1,\"name\":\"In\u00edcio\",\"item\":\"https:\\\/\\\/selodeminas.com.br\\\/\"},{\"@type\":\"ListItem\",\"position\":2,\"name\":\"Produtos selecionados\"}]},{\"@type\":\"WebSite\",\"@id\":\"https:\\\/\\\/selodeminas.com.br\\\/#website\",\"url\":\"https:\\\/\\\/selodeminas.com.br\\\/\",\"name\":\"Selo de Minas\",\"description\":\"SelodeMinas.com.br \u00e9 um site dedicado a oferecer selos de qualidade e certifica\u00e7\u00e3o para produtos e servi\u00e7os produzidos em Minas Gerais, Brasil.\",\"publisher\":{\"@id\":\"https:\\\/\\\/selodeminas.com.br\\\/#organization\"},\"alternateName\":\"www.selodeminas.com.br\",\"potentialAction\":[{\"@type\":\"SearchAction\",\"target\":{\"@type\":\"EntryPoint\",\"urlTemplate\":\"https:\\\/\\\/selodeminas.com.br\\\/?s={search_term_string}\"},\"query-input\":{\"@type\":\"PropertyValueSpecification\",\"valueRequired\":true,\"valueName\":\"search_term_string\"}}],\"inLanguage\":\"pt-BR\"},{\"@type\":\"Organization\",\"@id\":\"https:\\\/\\\/selodeminas.com.br\\\/#organization\",\"name\":\"Selo de Mias\",\"alternateName\":\"www.selodeminas.com.br\",\"url\":\"https:\\\/\\\/selodeminas.com.br\\\/\",\"logo\":{\"@type\":\"ImageObject\",\"inLanguage\":\"pt-BR\",\"@id\":\"https:\\\/\\\/selodeminas.com.br\\\/#\\\/schema\\\/logo\\\/image\\\/\",\"url\":\"https:\\\/\\\/selodeminas.com.br\\\/wp-content\\\/uploads\\\/2023\\\/11\\\/cropped-base_logo_transparent_background.png\",\"contentUrl\":\"https:\\\/\\\/selodeminas.com.br\\\/wp-content\\\/uploads\\\/2023\\\/11\\\/cropped-base_logo_transparent_background.png\",\"width\":512,\"height\":512,\"caption\":\"Selo de Mias\"},\"image\":{\"@id\":\"https:\\\/\\\/selodeminas.com.br\\\/#\\\/schema\\\/logo\\\/image\\\/\"},\"sameAs\":[\"https:\\\/\\\/www.facebook.com\\\/people\\\/Selodeminas\\\/61552684990887\\\/?locale=pt_BR\",\"https:\\\/\\\/www.instagram.com\\\/selodeminas\\\/\"]}]}<\/script>\n<!-- \/ Yoast SEO plugin. -->","yoast_head_json":{"title":"Produtos selecionados - Selo de Minas","description":"Veja nossa sele\u00e7\u00e3o de produtos, caf\u00e9s especiais, doces, cacha\u00e7as e aguas minerais com g\u00e1s natural, direto de Minas Gerais.","robots":{"index":"index","follow":"follow","max-snippet":"max-snippet:-1","max-image-preview":"max-image-preview:large","max-video-preview":"max-video-preview:-1"},"canonical":"https:\/\/selodeminas.com.br\/index.php\/produtos-selecionados\/","og_locale":"pt_BR","og_type":"article","og_title":"Produtos selecionados - Selo de Minas","og_description":"Veja nossa sele\u00e7\u00e3o de produtos, caf\u00e9s especiais, doces, cacha\u00e7as e aguas minerais com g\u00e1s natural, direto de Minas Gerais.","og_url":"https:\/\/selodeminas.com.br\/index.php\/produtos-selecionados\/","og_site_name":"Selo de Minas","article_publisher":"https:\/\/www.facebook.com\/people\/Selodeminas\/61552684990887\/?locale=pt_BR","article_modified_time":"2023-12-13T21:17:56+00:00","og_image":[{"width":3125,"height":1875,"url":"https:\/\/selodeminas.com.br\/wp-content\/uploads\/2023\/11\/base_logo_transparent_background.png","type":"image\/png"}],"twitter_card":"summary_large_image","schema":{"@context":"https:\/\/schema.org","@graph":[{"@type":"WebPage","@id":"https:\/\/selodeminas.com.br\/index.php\/produtos-selecionados\/","url":"https:\/\/selodeminas.com.br\/index.php\/produtos-selecionados\/","name":"Produtos selecionados - Selo de Minas","isPartOf":{"@id":"https:\/\/selodeminas.com.br\/#website"},"datePublished":"2020-03-13T08:06:47+00:00","dateModified":"2023-12-13T21:17:56+00:00","description":"Veja nossa sele\u00e7\u00e3o de produtos, caf\u00e9s especiais, doces, cacha\u00e7as e aguas minerais com g\u00e1s natural, direto de Minas Gerais.","breadcrumb":{"@id":"https:\/\/selodeminas.com.br\/index.php\/produtos-selecionados\/#breadcrumb"},"inLanguage":"pt-BR","potentialAction":[{"@type":"ReadAction","target":["https:\/\/selodeminas.com.br\/index.php\/produtos-selecionados\/"]}]},{"@type":"BreadcrumbList","@id":"https:\/\/selodeminas.com.br\/index.php\/produtos-selecionados\/#breadcrumb","itemListElement":[{"@type":"ListItem","position":1,"name":"In\u00edcio","item":"https:\/\/selodeminas.com.br\/"},{"@type":"ListItem","position":2,"name":"Produtos selecionados"}]},{"@type":"WebSite","@id":"https:\/\/selodeminas.com.br\/#website","url":"https:\/\/selodeminas.com.br\/","name":"Selo de Minas","description":"SelodeMinas.com.br \u00e9 um site dedicado a oferecer selos de qualidade e certifica\u00e7\u00e3o para produtos e servi\u00e7os produzidos em Minas Gerais, Brasil.","publisher":{"@id":"https:\/\/selodeminas.com.br\/#organization"},"alternateName":"www.selodeminas.com.br","potentialAction":[{"@type":"SearchAction","target":{"@type":"EntryPoint","urlTemplate":"https:\/\/selodeminas.com.br\/?s={search_term_string}"},"query-input":{"@type":"PropertyValueSpecification","valueRequired":true,"valueName":"search_term_string"}}],"inLanguage":"pt-BR"},{"@type":"Organization","@id":"https:\/\/selodeminas.com.br\/#organization","name":"Selo de Mias","alternateName":"www.selodeminas.com.br","url":"https:\/\/selodeminas.com.br\/","logo":{"@type":"ImageObject","inLanguage":"pt-BR","@id":"https:\/\/selodeminas.com.br\/#\/schema\/logo\/image\/","url":"https:\/\/selodeminas.com.br\/wp-content\/uploads\/2023\/11\/cropped-base_logo_transparent_background.png","contentUrl":"https:\/\/selodeminas.com.br\/wp-content\/uploads\/2023\/11\/cropped-base_logo_transparent_background.png","width":512,"height":512,"caption":"Selo de Mias"},"image":{"@id":"https:\/\/selodeminas.com.br\/#\/schema\/logo\/image\/"},"sameAs":["https:\/\/www.facebook.com\/people\/Selodeminas\/61552684990887\/?locale=pt_BR","https:\/\/www.instagram.com\/selodeminas\/"]}]}},"jetpack_sharing_enabled":true,"_links":{"self":[{"href":"https:\/\/selodeminas.com.br\/index.php\/wp-json\/wp\/v2\/pages\/366","targetHints":{"allow":["GET"]}}],"collection":[{"href":"https:\/\/selodeminas.com.br\/index.php\/wp-json\/wp\/v2\/pages"}],"about":[{"href":"https:\/\/selodeminas.com.br\/index.php\/wp-json\/wp\/v2\/types\/page"}],"author":[{"embeddable":true,"href":"https:\/\/selodeminas.com.br\/index.php\/wp-json\/wp\/v2\/users\/1"}],"replies":[{"embeddable":true,"href":"https:\/\/selodeminas.com.br\/index.php\/wp-json\/wp\/v2\/comments?post=366"}],"version-history":[{"count":3,"href":"https:\/\/selodeminas.com.br\/index.php\/wp-json\/wp\/v2\/pages\/366\/revisions"}],"predecessor-version":[{"id":1085,"href":"https:\/\/selodeminas.com.br\/index.php\/wp-json\/wp\/v2\/pages\/366\/revisions\/1085"}],"wp:attachment":[{"href":"https:\/\/selodeminas.com.br\/index.php\/wp-json\/wp\/v2\/media?parent=366"}],"curies":[{"name":"wp","href":"https:\/\/api.w.org\/{rel}","templated":true}]}}