{"id":368,"date":"2020-03-13T08:06:47","date_gmt":"2020-03-13T08:06:47","guid":{"rendered":"https:\/\/demo.creativethemes.com\/blocksy\/modern-shop\/my-account\/"},"modified":"2025-02-21T08:22:56","modified_gmt":"2025-02-21T11:22:56","slug":"my-account-2","status":"publish","type":"page","link":"https:\/\/selodeminas.com.br\/index.php\/my-account-2\/","title":{"rendered":"Fa\u00e7a o Login ou Cadastre-se"},"content":{"rendered":"<div class=\"woocommerce ct-woo-unauthorized\"><\/div>\n","protected":false},"excerpt":{"rendered":"","protected":false},"author":1,"featured_media":0,"parent":0,"menu_order":0,"comment_status":"closed","ping_status":"closed","template":"","meta":{"footnotes":""},"class_list":["post-368","page","type-page","status-publish","hentry"],"blocksy_meta":{"page_title_panel":"","has_hero_section":"default","4c0c9788bb25a1d555fe8de109e8d147":"","hero_section":"type-2","hero_alignment1":"left","hero_alignment2":"center","hero_height":"230px","page_title_bg_type":"color","custom_hero_background":{"attachment_id":null},"parallax":{"desktop":false,"tablet":false,"mobile":false},"c3f1ad4f1b7d721fe30e1014f39bba28":"","single_meta_elements":{"author":false,"date":false,"categories":false,"comments":false,"updated":false,"tags":false},"has_meta_label":"yes","has_meta_avatar":"yes","date_format_source":"custom","single_meta_date_format":"M j, Y","a6960cd1ab963222111836f680e5d6d3":"","page_excerpt_visibility":{"desktop":true,"tablet":true,"mobile":false},"pageTitleFont":{"family":"Default","variation":"Default","size":{"desktop":"32px","tablet":"30px","mobile":"25px"},"line-height":"1.3","letter-spacing":"CT_CSS_SKIP_RULE","text-transform":"CT_CSS_SKIP_RULE","text-decoration":"CT_CSS_SKIP_RULE"},"pageTitleFontColor":{"default":{"color":"CT_CSS_SKIP_RULEDEFAULT"}},"pageMetaFont":{"family":"Default","variation":"n6","size":{"desktop":"12px","tablet":"12px","mobile":"12px"},"line-height":"1.3","letter-spacing":"CT_CSS_SKIP_RULE","text-transform":"uppercase","text-decoration":"CT_CSS_SKIP_RULE"},"pageMetaFontColor":{"default":{"color":"CT_CSS_SKIP_RULEDEFAULT"},"hover":{"color":"CT_CSS_SKIP_RULEDEFAULT"}},"pageExcerptFont":{"family":"Default","variation":"n5","size":"CT_CSS_SKIP_RULE","line-height":"CT_CSS_SKIP_RULE","letter-spacing":"CT_CSS_SKIP_RULE","text-transform":"CT_CSS_SKIP_RULE","text-decoration":"CT_CSS_SKIP_RULE"},"pageExcerptColor":{"default":{"color":"CT_CSS_SKIP_RULEDEFAULT"}},"pageTitleOverlay":{"default":{"color":"rgba(41, 51, 60, 0.2)"}},"pageTitleBackground":{"default":{"color":"#EDEFF2"}},"2af030565dc65cac79ac17c3e8451cca":"","page_structure_type":"default","page_enable_vertical_spacing":"yes","0f44139692655362a7441da26c9f0dba":"","disable_featured_image":"no","205f1dbc8c7bc566b0b70479d908eb57":"","fee3d039fd291492a4425253ff62ed73":"","30eb694de8a7c33cf7e7ec1e26e254ae":"","5ad6366ed3d794e69b6922995f5e4f16":"","d6a32e6e981a918486e5f345489757c0":"","styles_descriptor":{"styles":{"desktop":"","tablet":"","mobile":""},"google_fonts":[],"version":6}},"yoast_head":"<!-- This site is optimized with the Yoast SEO plugin v27.3 - https:\/\/yoast.com\/product\/yoast-seo-wordpress\/ -->\n<title>Fa\u00e7a o Login ou Cadastre-se - Selo de Minas<\/title>\n<meta name=\"robots\" content=\"index, follow, max-snippet:-1, max-image-preview:large, max-video-preview:-1\" \/>\n<link rel=\"canonical\" href=\"https:\/\/selodeminas.com.br\/index.php\/my-account-2\/\" \/>\n<meta property=\"og:locale\" content=\"pt_BR\" \/>\n<meta property=\"og:type\" content=\"article\" \/>\n<meta property=\"og:title\" content=\"Fa\u00e7a o Login ou Cadastre-se - Selo de Minas\" \/>\n<meta property=\"og:url\" content=\"https:\/\/selodeminas.com.br\/index.php\/my-account-2\/\" \/>\n<meta property=\"og:site_name\" content=\"Selo de Minas\" \/>\n<meta property=\"article:publisher\" content=\"https:\/\/www.facebook.com\/people\/Selodeminas\/61552684990887\/?locale=pt_BR\" \/>\n<meta property=\"article:modified_time\" content=\"2025-02-21T11:22:56+00:00\" \/>\n<meta property=\"og:image\" content=\"https:\/\/selodeminas.com.br\/wp-content\/uploads\/2023\/11\/base_logo_transparent_background.png\" \/>\n\t<meta property=\"og:image:width\" content=\"3125\" \/>\n\t<meta property=\"og:image:height\" content=\"1875\" \/>\n\t<meta property=\"og:image:type\" content=\"image\/png\" \/>\n<meta name=\"twitter:card\" content=\"summary_large_image\" \/>\n<meta name=\"twitter:label1\" content=\"Est. tempo de leitura\" \/>\n\t<meta name=\"twitter:data1\" content=\"1 minuto\" \/>\n<script type=\"application\/ld+json\" class=\"yoast-schema-graph\">{\"@context\":\"https:\\\/\\\/schema.org\",\"@graph\":[{\"@type\":\"WebPage\",\"@id\":\"https:\\\/\\\/selodeminas.com.br\\\/index.php\\\/my-account-2\\\/\",\"url\":\"https:\\\/\\\/selodeminas.com.br\\\/index.php\\\/my-account-2\\\/\",\"name\":\"Fa\u00e7a o Login ou Cadastre-se - Selo de Minas\",\"isPartOf\":{\"@id\":\"https:\\\/\\\/selodeminas.com.br\\\/#website\"},\"datePublished\":\"2020-03-13T08:06:47+00:00\",\"dateModified\":\"2025-02-21T11:22:56+00:00\",\"breadcrumb\":{\"@id\":\"https:\\\/\\\/selodeminas.com.br\\\/index.php\\\/my-account-2\\\/#breadcrumb\"},\"inLanguage\":\"pt-BR\",\"potentialAction\":[{\"@type\":\"ReadAction\",\"target\":[\"https:\\\/\\\/selodeminas.com.br\\\/index.php\\\/my-account-2\\\/\"]}]},{\"@type\":\"BreadcrumbList\",\"@id\":\"https:\\\/\\\/selodeminas.com.br\\\/index.php\\\/my-account-2\\\/#breadcrumb\",\"itemListElement\":[{\"@type\":\"ListItem\",\"position\":1,\"name\":\"In\u00edcio\",\"item\":\"https:\\\/\\\/selodeminas.com.br\\\/\"},{\"@type\":\"ListItem\",\"position\":2,\"name\":\"Fa\u00e7a o Login ou Cadastre-se\"}]},{\"@type\":\"WebSite\",\"@id\":\"https:\\\/\\\/selodeminas.com.br\\\/#website\",\"url\":\"https:\\\/\\\/selodeminas.com.br\\\/\",\"name\":\"Selo de Minas\",\"description\":\"SelodeMinas.com.br \u00e9 um site dedicado a oferecer selos de qualidade e certifica\u00e7\u00e3o para produtos e servi\u00e7os produzidos em Minas Gerais, Brasil.\",\"publisher\":{\"@id\":\"https:\\\/\\\/selodeminas.com.br\\\/#organization\"},\"alternateName\":\"www.selodeminas.com.br\",\"potentialAction\":[{\"@type\":\"SearchAction\",\"target\":{\"@type\":\"EntryPoint\",\"urlTemplate\":\"https:\\\/\\\/selodeminas.com.br\\\/?s={search_term_string}\"},\"query-input\":{\"@type\":\"PropertyValueSpecification\",\"valueRequired\":true,\"valueName\":\"search_term_string\"}}],\"inLanguage\":\"pt-BR\"},{\"@type\":\"Organization\",\"@id\":\"https:\\\/\\\/selodeminas.com.br\\\/#organization\",\"name\":\"Selo de Mias\",\"alternateName\":\"www.selodeminas.com.br\",\"url\":\"https:\\\/\\\/selodeminas.com.br\\\/\",\"logo\":{\"@type\":\"ImageObject\",\"inLanguage\":\"pt-BR\",\"@id\":\"https:\\\/\\\/selodeminas.com.br\\\/#\\\/schema\\\/logo\\\/image\\\/\",\"url\":\"https:\\\/\\\/selodeminas.com.br\\\/wp-content\\\/uploads\\\/2023\\\/11\\\/cropped-base_logo_transparent_background.png\",\"contentUrl\":\"https:\\\/\\\/selodeminas.com.br\\\/wp-content\\\/uploads\\\/2023\\\/11\\\/cropped-base_logo_transparent_background.png\",\"width\":512,\"height\":512,\"caption\":\"Selo de Mias\"},\"image\":{\"@id\":\"https:\\\/\\\/selodeminas.com.br\\\/#\\\/schema\\\/logo\\\/image\\\/\"},\"sameAs\":[\"https:\\\/\\\/www.facebook.com\\\/people\\\/Selodeminas\\\/61552684990887\\\/?locale=pt_BR\",\"https:\\\/\\\/www.instagram.com\\\/selodeminas\\\/\"]}]}<\/script>\n<!-- \/ Yoast SEO plugin. -->","yoast_head_json":{"title":"Fa\u00e7a o Login ou Cadastre-se - Selo de Minas","robots":{"index":"index","follow":"follow","max-snippet":"max-snippet:-1","max-image-preview":"max-image-preview:large","max-video-preview":"max-video-preview:-1"},"canonical":"https:\/\/selodeminas.com.br\/index.php\/my-account-2\/","og_locale":"pt_BR","og_type":"article","og_title":"Fa\u00e7a o Login ou Cadastre-se - Selo de Minas","og_url":"https:\/\/selodeminas.com.br\/index.php\/my-account-2\/","og_site_name":"Selo de Minas","article_publisher":"https:\/\/www.facebook.com\/people\/Selodeminas\/61552684990887\/?locale=pt_BR","article_modified_time":"2025-02-21T11:22:56+00:00","og_image":[{"width":3125,"height":1875,"url":"https:\/\/selodeminas.com.br\/wp-content\/uploads\/2023\/11\/base_logo_transparent_background.png","type":"image\/png"}],"twitter_card":"summary_large_image","twitter_misc":{"Est. tempo de leitura":"1 minuto"},"schema":{"@context":"https:\/\/schema.org","@graph":[{"@type":"WebPage","@id":"https:\/\/selodeminas.com.br\/index.php\/my-account-2\/","url":"https:\/\/selodeminas.com.br\/index.php\/my-account-2\/","name":"Fa\u00e7a o Login ou Cadastre-se - Selo de Minas","isPartOf":{"@id":"https:\/\/selodeminas.com.br\/#website"},"datePublished":"2020-03-13T08:06:47+00:00","dateModified":"2025-02-21T11:22:56+00:00","breadcrumb":{"@id":"https:\/\/selodeminas.com.br\/index.php\/my-account-2\/#breadcrumb"},"inLanguage":"pt-BR","potentialAction":[{"@type":"ReadAction","target":["https:\/\/selodeminas.com.br\/index.php\/my-account-2\/"]}]},{"@type":"BreadcrumbList","@id":"https:\/\/selodeminas.com.br\/index.php\/my-account-2\/#breadcrumb","itemListElement":[{"@type":"ListItem","position":1,"name":"In\u00edcio","item":"https:\/\/selodeminas.com.br\/"},{"@type":"ListItem","position":2,"name":"Fa\u00e7a o Login ou Cadastre-se"}]},{"@type":"WebSite","@id":"https:\/\/selodeminas.com.br\/#website","url":"https:\/\/selodeminas.com.br\/","name":"Selo de Minas","description":"SelodeMinas.com.br \u00e9 um site dedicado a oferecer selos de qualidade e certifica\u00e7\u00e3o para produtos e servi\u00e7os produzidos em Minas Gerais, Brasil.","publisher":{"@id":"https:\/\/selodeminas.com.br\/#organization"},"alternateName":"www.selodeminas.com.br","potentialAction":[{"@type":"SearchAction","target":{"@type":"EntryPoint","urlTemplate":"https:\/\/selodeminas.com.br\/?s={search_term_string}"},"query-input":{"@type":"PropertyValueSpecification","valueRequired":true,"valueName":"search_term_string"}}],"inLanguage":"pt-BR"},{"@type":"Organization","@id":"https:\/\/selodeminas.com.br\/#organization","name":"Selo de Mias","alternateName":"www.selodeminas.com.br","url":"https:\/\/selodeminas.com.br\/","logo":{"@type":"ImageObject","inLanguage":"pt-BR","@id":"https:\/\/selodeminas.com.br\/#\/schema\/logo\/image\/","url":"https:\/\/selodeminas.com.br\/wp-content\/uploads\/2023\/11\/cropped-base_logo_transparent_background.png","contentUrl":"https:\/\/selodeminas.com.br\/wp-content\/uploads\/2023\/11\/cropped-base_logo_transparent_background.png","width":512,"height":512,"caption":"Selo de Mias"},"image":{"@id":"https:\/\/selodeminas.com.br\/#\/schema\/logo\/image\/"},"sameAs":["https:\/\/www.facebook.com\/people\/Selodeminas\/61552684990887\/?locale=pt_BR","https:\/\/www.instagram.com\/selodeminas\/"]}]}},"jetpack_sharing_enabled":true,"_links":{"self":[{"href":"https:\/\/selodeminas.com.br\/index.php\/wp-json\/wp\/v2\/pages\/368","targetHints":{"allow":["GET"]}}],"collection":[{"href":"https:\/\/selodeminas.com.br\/index.php\/wp-json\/wp\/v2\/pages"}],"about":[{"href":"https:\/\/selodeminas.com.br\/index.php\/wp-json\/wp\/v2\/types\/page"}],"author":[{"embeddable":true,"href":"https:\/\/selodeminas.com.br\/index.php\/wp-json\/wp\/v2\/users\/1"}],"replies":[{"embeddable":true,"href":"https:\/\/selodeminas.com.br\/index.php\/wp-json\/wp\/v2\/comments?post=368"}],"version-history":[{"count":3,"href":"https:\/\/selodeminas.com.br\/index.php\/wp-json\/wp\/v2\/pages\/368\/revisions"}],"predecessor-version":[{"id":1720,"href":"https:\/\/selodeminas.com.br\/index.php\/wp-json\/wp\/v2\/pages\/368\/revisions\/1720"}],"wp:attachment":[{"href":"https:\/\/selodeminas.com.br\/index.php\/wp-json\/wp\/v2\/media?parent=368"}],"curies":[{"name":"wp","href":"https:\/\/api.w.org\/{rel}","templated":true}]}}