{"id":764,"date":"2023-11-06T15:23:09","date_gmt":"2023-11-06T18:23:09","guid":{"rendered":"https:\/\/selodeminas.com.br\/?page_id=764"},"modified":"2023-12-13T17:25:14","modified_gmt":"2023-12-13T20:25:14","slug":"cachaca-de-minas-gerais","status":"publish","type":"page","link":"https:\/\/selodeminas.com.br\/index.php\/cachaca-de-minas-gerais\/","title":{"rendered":"Cacha\u00e7a"},"content":{"rendered":"\t\t<div data-elementor-type=\"wp-page\" data-elementor-id=\"764\" class=\"elementor elementor-764\">\n\t\t\t\t<div class=\"elementor-element elementor-element-1483764b e-flex e-con-boxed e-con e-parent\" data-id=\"1483764b\" data-element_type=\"container\" data-e-type=\"container\">\n\t\t\t\t\t<div class=\"e-con-inner\">\n\t\t\t\t<div class=\"elementor-element elementor-element-55c3d9f8 elementor-widget elementor-widget-text-editor\" data-id=\"55c3d9f8\" data-element_type=\"widget\" data-e-type=\"widget\" data-widget_type=\"text-editor.default\">\n\t\t\t\t<div class=\"elementor-widget-container\">\n\t\t\t\t\t\t\t\t\t<p><\/p>\n<div class=\"woocommerce columns-3 \">\n<div class=\"woocommerce-notices-wrapper\"><\/div>\n<div class=\"woo-listing-top\">\n<p class=\"woocommerce-result-count ct-hidden-sm\" role=\"alert\" aria-relevant=\"all\" >\n\tMostrando todos os 4 resultados<\/p>\n<form class=\"woocommerce-ordering\" method=\"get\">\n\t\t<select\n\t\tname=\"orderby\"\n\t\tclass=\"orderby\"\n\t\t\t\t\taria-label=\"Pedido da loja\"\n\t\t\t><option value=\"menu_order\"  selected='selected'>Ordena\u00e7\u00e3o padr\u00e3o<\/option><option value=\"popularity\" >Ordenar por popularidade<\/option><option value=\"rating\" >Ordenar por m\u00e9dia de classifica\u00e7\u00e3o<\/option><option value=\"date\" >Ordenar por mais recente<\/option><option value=\"price\" >Ordenar por pre\u00e7o: menor para maior<\/option><option value=\"price-desc\" >Ordenar por pre\u00e7o: maior para menor<\/option><\/select><br \/>\n\t<input type=\"hidden\" name=\"paged\" value=\"1\" \/><br \/>\n\t<svg width=\"14px\" height=\"14px\" fill=\"currentColor\" viewBox=\"0 0 24 24\" class=\"ct-sort-icon ct-hidden-lg ct-hidden-md\"><path d=\"M10.434 5.966A.933.933 0 0 1 9.24 7.399L6.318 4.966V19.46a.933.933 0 1 1-1.866 0V4.966L1.53 7.4a.93.93 0 0 1-1.314-.12.933.933 0 0 1 .12-1.313l4.452-3.707c.027-.023.06-.03.09-.048.038-.026.072-.055.114-.074.025-.012.051-.02.078-.03.046-.017.092-.025.14-.034.045-.009.088-.02.134-.022.014 0 .026-.008.04-.008.015 0 .027.008.042.008.046.002.09.013.135.022.047.01.093.017.139.034.026.01.052.018.078.03.042.019.076.048.115.074.029.019.062.026.089.048l4.452 3.707Zm13.35 10.755a.933.933 0 0 0-1.314-.12l-2.922 2.433V4.54a.933.933 0 1 0-1.866 0v14.493L14.76 16.6a.933.933 0 1 0-1.194 1.433l4.452 3.707c.044.037.096.055.144.082.027.015.049.04.077.052l.038.014c.11.042.223.068.338.068a.929.929 0 0 0 .338-.068l.038-.014c.029-.013.05-.037.078-.052.048-.027.099-.045.143-.082l4.452-3.707a.933.933 0 0 0 .12-1.313Z\"\/><\/svg><br \/>\n\t\t\t\t<\/form>\n<\/div>\n<ul class=\"products columns-3\" data-products=\"type-1\">\n<li class=\"product type-product post-1218 status-publish first instock product_cat-cachaca product_cat-uncategorized has-post-thumbnail taxable shipping-taxable purchasable product-type-simple\">\n\t<a href=\"https:\/\/selodeminas.com.br\/index.php\/product\/cachaca-ouro-vale-da-canastra-275ml\/\" class=\"woocommerce-LoopProduct-link woocommerce-loop-product__link\"><\/p>\n<div style=\"position:relative;width:100%;height:100%;\"><img fetchpriority=\"high\" decoding=\"async\" width=\"300\" height=\"400\" src=\"https:\/\/selodeminas.com.br\/wp-content\/uploads\/2024\/01\/Cachaca-ouro-275-ml.jpg\" class=\"attachment-woocommerce_thumbnail size-woocommerce_thumbnail\" alt=\"Cacha\u00e7a Ouro - Vale da Canastra (275ml)\" srcset=\"https:\/\/selodeminas.com.br\/wp-content\/uploads\/2024\/01\/Cachaca-ouro-275-ml.jpg 1200w, https:\/\/selodeminas.com.br\/wp-content\/uploads\/2024\/01\/Cachaca-ouro-275-ml-300x400.jpg 300w\" sizes=\"(max-width: 300px) 100vw, 300px\" \/><\/div>\n<h2 class=\"woocommerce-loop-product__title\">Cacha\u00e7a Ouro &#8211; Vale da Canastra (275ml)<\/h2>\n<p>\t<span class=\"price\"><span class=\"woocommerce-Price-amount amount\"><bdi><span class=\"woocommerce-Price-currencySymbol\">&#82;&#36;<\/span>&nbsp;32,40<\/bdi><\/span><\/span><br \/>\n<\/a><a href=\"\/index.php\/wp-json\/wp\/v2\/pages\/764?add-to-cart=1218\" aria-describedby=\"woocommerce_loop_add_to_cart_link_describedby_1218\" data-quantity=\"1\" class=\"button product_type_simple add_to_cart_button ajax_add_to_cart\" data-product_id=\"1218\" data-product_sku=\"SL10071\" aria-label=\"Adicione ao carrinho: &ldquo;Cacha\u00e7a Ouro - Vale da Canastra (275ml)&rdquo;\" rel=\"nofollow\" data-success_message=\"\u201cCacha\u00e7a Ouro - Vale da Canastra (275ml)\u201d foi adicionado ao seu carrinho\" role=\"button\">Adicionar ao carrinho<\/a>\t<span id=\"woocommerce_loop_add_to_cart_link_describedby_1218\" class=\"screen-reader-text\"><br \/>\n\t\t\t<\/span>\n<\/li>\n<li class=\"product type-product post-1067 status-publish outofstock product_cat-cachaca product_cat-ouro product_cat-uncategorized has-post-thumbnail taxable shipping-taxable purchasable product-type-simple\">\n\t<a href=\"https:\/\/selodeminas.com.br\/index.php\/product\/cachaca-ouro-vale-da-canastra-670ml\/\" class=\"woocommerce-LoopProduct-link woocommerce-loop-product__link\"><\/p>\n<div style=\"position:relative;width:100%;height:100%;\"><img decoding=\"async\" width=\"300\" height=\"400\" src=\"https:\/\/selodeminas.com.br\/wp-content\/uploads\/2024\/01\/Cachaca-ouro-Vale-da-Canastra-1.jpg\" class=\"attachment-woocommerce_thumbnail size-woocommerce_thumbnail\" alt=\"Cacha\u00e7a Ouro - Vale da Canastra (670ml)\" srcset=\"https:\/\/selodeminas.com.br\/wp-content\/uploads\/2024\/01\/Cachaca-ouro-Vale-da-Canastra-1.jpg 1200w, https:\/\/selodeminas.com.br\/wp-content\/uploads\/2024\/01\/Cachaca-ouro-Vale-da-Canastra-1-300x400.jpg 300w\" sizes=\"(max-width: 300px) 100vw, 300px\" \/><\/p>\n<div class=\"advanced-woo-labels awl-position-type-on-image awl-label-type-archive awl-align-left-bottom\" style=\"display:flex;flex-wrap:wrap;flex-direction:row;text-align:left;width:100%;position:absolute;z-index:9;left:0px;right:auto;top:auto;bottom:0px;transform:none;justify-content:flex-start;\">\n<div class=\"awl-label-wrap awl-text-label-wrap awl-label-id-956\" style=\"\"><span class=\"awl-product-label awl-type-label awl-type-label-triangled\" style=\"display:table;position:relative;line-height:1;white-space:nowrap;vertical-align:baseline;font-size:14px;--awl-font-size-tablet:14px;--awl-font-size-phone:14px;font-weight:400;font-style:normal;letter-spacing:0px;color:#fff;opacity:1;margin:0px 0px 0px 0px;\"><span class=\"awl-label-text\"  style=\"display:table-cell;padding:0.3em 0.6em 0.3em 0.6em;z-index:1;background:#a32c2c;position:relative;line-height:1;border-radius:0;\"><span class=\"awl-inner-text\">Esgotado<\/span><\/span><span class=\"awl-label-after\" style=\"display:table-cell;width:0;height:0;position:relative;z-index:2;overflow:hidden;padding:0 0.65em 0 0;\"><svg viewBox=\"0 0 100 100\" preserveAspectRatio=\"none\" style=\"position:absolute;top:0;width:100%;height:100%;fill:#a32c2c;\"><g class=\"awl-triangled-after\"><polygon vector-effect=\"non-scaling-stroke\" points=\"0,0 0,100 97,50\" style=\"stroke:none;\" \/><line vector-effect=\"non-scaling-stroke\" x1=\"0\" y1=\"0\" x2=\"97\" y2=\"50\" \/><line vector-effect=\"non-scaling-stroke\" x1=\"97\" y1=\"50\" x2=\"0\" y2=\"100\" \/><\/g><\/svg><\/span><\/span><\/div>\n<\/div>\n<\/div>\n<h2 class=\"woocommerce-loop-product__title\">Cacha\u00e7a Ouro &#8211; Vale da Canastra (670ml)<\/h2>\n<p>\t<span class=\"price\"><span class=\"woocommerce-Price-amount amount\"><bdi><span class=\"woocommerce-Price-currencySymbol\">&#82;&#36;<\/span>&nbsp;65,00<\/bdi><\/span><\/span><br \/>\n<\/a><a href=\"https:\/\/selodeminas.com.br\/index.php\/product\/cachaca-ouro-vale-da-canastra-670ml\/\" aria-describedby=\"woocommerce_loop_add_to_cart_link_describedby_1067\" data-quantity=\"1\" class=\"button product_type_simple\" data-product_id=\"1067\" data-product_sku=\"SL10060\" aria-label=\"Leia mais sobre &ldquo;Cacha\u00e7a Ouro - Vale da Canastra (670ml)&rdquo;\" rel=\"nofollow\" data-success_message=\"\">Leia mais<\/a>\t<span id=\"woocommerce_loop_add_to_cart_link_describedby_1067\" class=\"screen-reader-text\"><br \/>\n\t\t\t<\/span>\n<\/li>\n<li class=\"product type-product post-1460 status-publish last instock product_cat-cachaca product_cat-origem product_cat-prata product_cat-sul-de-minas has-post-thumbnail sale taxable shipping-taxable purchasable product-type-simple\">\n\t<a href=\"https:\/\/selodeminas.com.br\/index.php\/product\/cachaca-prata-encomenda-real-700-ml\/\" class=\"woocommerce-LoopProduct-link woocommerce-loop-product__link\"><br \/>\n\t<span class=\"onsale\" data-shape=\"type-3\">SELO<\/span><\/p>\n<div style=\"position:relative;width:100%;height:100%;\"><img decoding=\"async\" width=\"300\" height=\"400\" src=\"https:\/\/selodeminas.com.br\/wp-content\/uploads\/2024\/07\/Cachaca-Encomenda-Real-1.jpg\" class=\"attachment-woocommerce_thumbnail size-woocommerce_thumbnail\" alt=\"Cacha\u00e7a Prata - Encomenda Real (700 ml)\" srcset=\"https:\/\/selodeminas.com.br\/wp-content\/uploads\/2024\/07\/Cachaca-Encomenda-Real-1.jpg 1200w, https:\/\/selodeminas.com.br\/wp-content\/uploads\/2024\/07\/Cachaca-Encomenda-Real-1-300x400.jpg 300w\" sizes=\"(max-width: 300px) 100vw, 300px\" \/><\/div>\n<h2 class=\"woocommerce-loop-product__title\">Cacha\u00e7a Prata &#8211; Encomenda Real (700 ml)<\/h2>\n<p>\t<span class=\"price\"><span class=\"sale-price\"><del aria-hidden=\"true\"><span class=\"woocommerce-Price-amount amount\"><bdi><span class=\"woocommerce-Price-currencySymbol\">&#82;&#36;<\/span>&nbsp;49,70<\/bdi><\/span><\/del> <span class=\"screen-reader-text\">O pre\u00e7o original era: &#082;&#036;&nbsp;49,70.<\/span><ins aria-hidden=\"true\"><span class=\"woocommerce-Price-amount amount\"><bdi><span class=\"woocommerce-Price-currencySymbol\">&#82;&#36;<\/span>&nbsp;48,90<\/bdi><\/span><\/ins><span class=\"screen-reader-text\">O pre\u00e7o atual \u00e9: &#082;&#036;&nbsp;48,90.<\/span><\/span><\/span><br \/>\n<\/a><a href=\"\/index.php\/wp-json\/wp\/v2\/pages\/764?add-to-cart=1460\" aria-describedby=\"woocommerce_loop_add_to_cart_link_describedby_1460\" data-quantity=\"1\" class=\"button product_type_simple add_to_cart_button ajax_add_to_cart\" data-product_id=\"1460\" data-product_sku=\"\" aria-label=\"Adicione ao carrinho: &ldquo;Cacha\u00e7a Prata - Encomenda Real (700 ml)&rdquo;\" rel=\"nofollow\" data-success_message=\"\u201cCacha\u00e7a Prata - Encomenda Real (700 ml)\u201d foi adicionado ao seu carrinho\" role=\"button\">Adicionar ao carrinho<\/a>\t<span id=\"woocommerce_loop_add_to_cart_link_describedby_1460\" class=\"screen-reader-text\"><br \/>\n\t\t\t<\/span>\n<\/li>\n<li class=\"product type-product post-1068 status-publish first outofstock product_cat-cachaca product_cat-prata product_cat-uncategorized has-post-thumbnail taxable shipping-taxable purchasable product-type-simple\">\n\t<a href=\"https:\/\/selodeminas.com.br\/index.php\/product\/cachaca-prata-vale-da-canastra-670ml\/\" class=\"woocommerce-LoopProduct-link woocommerce-loop-product__link\"><\/p>\n<div style=\"position:relative;width:100%;height:100%;\"><img loading=\"lazy\" decoding=\"async\" width=\"300\" height=\"400\" src=\"https:\/\/selodeminas.com.br\/wp-content\/uploads\/2023\/12\/Cachaca-Prata-Vale-da-Canastra.jpg\" class=\"attachment-woocommerce_thumbnail size-woocommerce_thumbnail\" alt=\"Cacha\u00e7a Prata - Vale da Canastra (670 ml)\" srcset=\"https:\/\/selodeminas.com.br\/wp-content\/uploads\/2023\/12\/Cachaca-Prata-Vale-da-Canastra.jpg 1200w, https:\/\/selodeminas.com.br\/wp-content\/uploads\/2023\/12\/Cachaca-Prata-Vale-da-Canastra-300x400.jpg 300w\" sizes=\"(max-width: 300px) 100vw, 300px\" \/><\/p>\n<div class=\"advanced-woo-labels awl-position-type-on-image awl-label-type-archive awl-align-left-bottom\" style=\"display:flex;flex-wrap:wrap;flex-direction:row;text-align:left;width:100%;position:absolute;z-index:9;left:0px;right:auto;top:auto;bottom:0px;transform:none;justify-content:flex-start;\">\n<div class=\"awl-label-wrap awl-text-label-wrap awl-label-id-956\" style=\"\"><span class=\"awl-product-label awl-type-label awl-type-label-triangled\" style=\"display:table;position:relative;line-height:1;white-space:nowrap;vertical-align:baseline;font-size:14px;--awl-font-size-tablet:14px;--awl-font-size-phone:14px;font-weight:400;font-style:normal;letter-spacing:0px;color:#fff;opacity:1;margin:0px 0px 0px 0px;\"><span class=\"awl-label-text\"  style=\"display:table-cell;padding:0.3em 0.6em 0.3em 0.6em;z-index:1;background:#a32c2c;position:relative;line-height:1;border-radius:0;\"><span class=\"awl-inner-text\">Esgotado<\/span><\/span><span class=\"awl-label-after\" style=\"display:table-cell;width:0;height:0;position:relative;z-index:2;overflow:hidden;padding:0 0.65em 0 0;\"><svg viewBox=\"0 0 100 100\" preserveAspectRatio=\"none\" style=\"position:absolute;top:0;width:100%;height:100%;fill:#a32c2c;\"><g class=\"awl-triangled-after\"><polygon vector-effect=\"non-scaling-stroke\" points=\"0,0 0,100 97,50\" style=\"stroke:none;\" \/><line vector-effect=\"non-scaling-stroke\" x1=\"0\" y1=\"0\" x2=\"97\" y2=\"50\" \/><line vector-effect=\"non-scaling-stroke\" x1=\"97\" y1=\"50\" x2=\"0\" y2=\"100\" \/><\/g><\/svg><\/span><\/span><\/div>\n<\/div>\n<\/div>\n<h2 class=\"woocommerce-loop-product__title\">Cacha\u00e7a Prata &#8211; Vale da Canastra (670 ml)<\/h2>\n<p>\t<span class=\"price\"><span class=\"woocommerce-Price-amount amount\"><bdi><span class=\"woocommerce-Price-currencySymbol\">&#82;&#36;<\/span>&nbsp;63,00<\/bdi><\/span><\/span><br \/>\n<\/a><a href=\"https:\/\/selodeminas.com.br\/index.php\/product\/cachaca-prata-vale-da-canastra-670ml\/\" aria-describedby=\"woocommerce_loop_add_to_cart_link_describedby_1068\" data-quantity=\"1\" class=\"button product_type_simple\" data-product_id=\"1068\" data-product_sku=\"SL10061\" aria-label=\"Leia mais sobre &ldquo;Cacha\u00e7a Prata - Vale da Canastra (670 ml)&rdquo;\" rel=\"nofollow\" data-success_message=\"\">Leia mais<\/a>\t<span id=\"woocommerce_loop_add_to_cart_link_describedby_1068\" class=\"screen-reader-text\"><br \/>\n\t\t\t<\/span>\n<\/li>\n<\/ul>\n<\/div>\n<p>\n<\/p>\t\t\t\t\t\t\t\t<\/div>\n\t\t\t\t<\/div>\n\t\t\t\t\t<\/div>\n\t\t\t\t<\/div>\n\t\t\t\t<\/div>\n\t\t","protected":false},"excerpt":{"rendered":"","protected":false},"author":1,"featured_media":0,"parent":0,"menu_order":0,"comment_status":"closed","ping_status":"closed","template":"","meta":{"footnotes":""},"class_list":["post-764","page","type-page","status-publish","hentry"],"blocksy_meta":[],"yoast_head":"<!-- This site is optimized with the Yoast SEO plugin v27.3 - https:\/\/yoast.com\/product\/yoast-seo-wordpress\/ -->\n<title>Cacha\u00e7a - Selo de Minas<\/title>\n<meta name=\"description\" content=\"Descubra a excel\u00eancia dos melhores produtos selecionados na Selo de Minas. Nossa loja oferece uma ampla variedade de produtos.\" \/>\n<meta name=\"robots\" content=\"index, follow, max-snippet:-1, max-image-preview:large, max-video-preview:-1\" \/>\n<link rel=\"canonical\" href=\"https:\/\/selodeminas.com.br\/index.php\/cachaca-de-minas-gerais\/\" \/>\n<meta property=\"og:locale\" content=\"pt_BR\" \/>\n<meta property=\"og:type\" content=\"article\" \/>\n<meta property=\"og:title\" content=\"Cacha\u00e7a - Selo de Minas\" \/>\n<meta property=\"og:description\" content=\"Descubra a excel\u00eancia dos melhores produtos selecionados na Selo de Minas. Nossa loja oferece uma ampla variedade de produtos.\" \/>\n<meta property=\"og:url\" content=\"https:\/\/selodeminas.com.br\/index.php\/cachaca-de-minas-gerais\/\" \/>\n<meta property=\"og:site_name\" content=\"Selo de Minas\" \/>\n<meta property=\"article:publisher\" content=\"https:\/\/www.facebook.com\/people\/Selodeminas\/61552684990887\/?locale=pt_BR\" \/>\n<meta property=\"article:modified_time\" content=\"2023-12-13T20:25:14+00:00\" \/>\n<meta property=\"og:image\" content=\"https:\/\/selodeminas.com.br\/wp-content\/uploads\/2023\/11\/base_logo_transparent_background.png\" \/>\n\t<meta property=\"og:image:width\" content=\"3125\" \/>\n\t<meta property=\"og:image:height\" content=\"1875\" \/>\n\t<meta property=\"og:image:type\" content=\"image\/png\" \/>\n<meta name=\"twitter:card\" content=\"summary_large_image\" \/>\n<meta name=\"twitter:label1\" content=\"Est. tempo de leitura\" \/>\n\t<meta name=\"twitter:data1\" content=\"1 minuto\" \/>\n<script type=\"application\/ld+json\" class=\"yoast-schema-graph\">{\"@context\":\"https:\\\/\\\/schema.org\",\"@graph\":[{\"@type\":\"WebPage\",\"@id\":\"https:\\\/\\\/selodeminas.com.br\\\/index.php\\\/cachaca-de-minas-gerais\\\/\",\"url\":\"https:\\\/\\\/selodeminas.com.br\\\/index.php\\\/cachaca-de-minas-gerais\\\/\",\"name\":\"Cacha\u00e7a - Selo de Minas\",\"isPartOf\":{\"@id\":\"https:\\\/\\\/selodeminas.com.br\\\/#website\"},\"datePublished\":\"2023-11-06T18:23:09+00:00\",\"dateModified\":\"2023-12-13T20:25:14+00:00\",\"description\":\"Descubra a excel\u00eancia dos melhores produtos selecionados na Selo de Minas. Nossa loja oferece uma ampla variedade de produtos.\",\"breadcrumb\":{\"@id\":\"https:\\\/\\\/selodeminas.com.br\\\/index.php\\\/cachaca-de-minas-gerais\\\/#breadcrumb\"},\"inLanguage\":\"pt-BR\",\"potentialAction\":[{\"@type\":\"ReadAction\",\"target\":[\"https:\\\/\\\/selodeminas.com.br\\\/index.php\\\/cachaca-de-minas-gerais\\\/\"]}]},{\"@type\":\"BreadcrumbList\",\"@id\":\"https:\\\/\\\/selodeminas.com.br\\\/index.php\\\/cachaca-de-minas-gerais\\\/#breadcrumb\",\"itemListElement\":[{\"@type\":\"ListItem\",\"position\":1,\"name\":\"In\u00edcio\",\"item\":\"https:\\\/\\\/selodeminas.com.br\\\/\"},{\"@type\":\"ListItem\",\"position\":2,\"name\":\"Cacha\u00e7a\"}]},{\"@type\":\"WebSite\",\"@id\":\"https:\\\/\\\/selodeminas.com.br\\\/#website\",\"url\":\"https:\\\/\\\/selodeminas.com.br\\\/\",\"name\":\"Selo de Minas\",\"description\":\"SelodeMinas.com.br \u00e9 um site dedicado a oferecer selos de qualidade e certifica\u00e7\u00e3o para produtos e servi\u00e7os produzidos em Minas Gerais, Brasil.\",\"publisher\":{\"@id\":\"https:\\\/\\\/selodeminas.com.br\\\/#organization\"},\"alternateName\":\"www.selodeminas.com.br\",\"potentialAction\":[{\"@type\":\"SearchAction\",\"target\":{\"@type\":\"EntryPoint\",\"urlTemplate\":\"https:\\\/\\\/selodeminas.com.br\\\/?s={search_term_string}\"},\"query-input\":{\"@type\":\"PropertyValueSpecification\",\"valueRequired\":true,\"valueName\":\"search_term_string\"}}],\"inLanguage\":\"pt-BR\"},{\"@type\":\"Organization\",\"@id\":\"https:\\\/\\\/selodeminas.com.br\\\/#organization\",\"name\":\"Selo de Mias\",\"alternateName\":\"www.selodeminas.com.br\",\"url\":\"https:\\\/\\\/selodeminas.com.br\\\/\",\"logo\":{\"@type\":\"ImageObject\",\"inLanguage\":\"pt-BR\",\"@id\":\"https:\\\/\\\/selodeminas.com.br\\\/#\\\/schema\\\/logo\\\/image\\\/\",\"url\":\"https:\\\/\\\/selodeminas.com.br\\\/wp-content\\\/uploads\\\/2023\\\/11\\\/cropped-base_logo_transparent_background.png\",\"contentUrl\":\"https:\\\/\\\/selodeminas.com.br\\\/wp-content\\\/uploads\\\/2023\\\/11\\\/cropped-base_logo_transparent_background.png\",\"width\":512,\"height\":512,\"caption\":\"Selo de Mias\"},\"image\":{\"@id\":\"https:\\\/\\\/selodeminas.com.br\\\/#\\\/schema\\\/logo\\\/image\\\/\"},\"sameAs\":[\"https:\\\/\\\/www.facebook.com\\\/people\\\/Selodeminas\\\/61552684990887\\\/?locale=pt_BR\",\"https:\\\/\\\/www.instagram.com\\\/selodeminas\\\/\"]}]}<\/script>\n<!-- \/ Yoast SEO plugin. -->","yoast_head_json":{"title":"Cacha\u00e7a - Selo de Minas","description":"Descubra a excel\u00eancia dos melhores produtos selecionados na Selo de Minas. Nossa loja oferece uma ampla variedade de produtos.","robots":{"index":"index","follow":"follow","max-snippet":"max-snippet:-1","max-image-preview":"max-image-preview:large","max-video-preview":"max-video-preview:-1"},"canonical":"https:\/\/selodeminas.com.br\/index.php\/cachaca-de-minas-gerais\/","og_locale":"pt_BR","og_type":"article","og_title":"Cacha\u00e7a - Selo de Minas","og_description":"Descubra a excel\u00eancia dos melhores produtos selecionados na Selo de Minas. Nossa loja oferece uma ampla variedade de produtos.","og_url":"https:\/\/selodeminas.com.br\/index.php\/cachaca-de-minas-gerais\/","og_site_name":"Selo de Minas","article_publisher":"https:\/\/www.facebook.com\/people\/Selodeminas\/61552684990887\/?locale=pt_BR","article_modified_time":"2023-12-13T20:25:14+00:00","og_image":[{"width":3125,"height":1875,"url":"https:\/\/selodeminas.com.br\/wp-content\/uploads\/2023\/11\/base_logo_transparent_background.png","type":"image\/png"}],"twitter_card":"summary_large_image","twitter_misc":{"Est. tempo de leitura":"1 minuto"},"schema":{"@context":"https:\/\/schema.org","@graph":[{"@type":"WebPage","@id":"https:\/\/selodeminas.com.br\/index.php\/cachaca-de-minas-gerais\/","url":"https:\/\/selodeminas.com.br\/index.php\/cachaca-de-minas-gerais\/","name":"Cacha\u00e7a - Selo de Minas","isPartOf":{"@id":"https:\/\/selodeminas.com.br\/#website"},"datePublished":"2023-11-06T18:23:09+00:00","dateModified":"2023-12-13T20:25:14+00:00","description":"Descubra a excel\u00eancia dos melhores produtos selecionados na Selo de Minas. Nossa loja oferece uma ampla variedade de produtos.","breadcrumb":{"@id":"https:\/\/selodeminas.com.br\/index.php\/cachaca-de-minas-gerais\/#breadcrumb"},"inLanguage":"pt-BR","potentialAction":[{"@type":"ReadAction","target":["https:\/\/selodeminas.com.br\/index.php\/cachaca-de-minas-gerais\/"]}]},{"@type":"BreadcrumbList","@id":"https:\/\/selodeminas.com.br\/index.php\/cachaca-de-minas-gerais\/#breadcrumb","itemListElement":[{"@type":"ListItem","position":1,"name":"In\u00edcio","item":"https:\/\/selodeminas.com.br\/"},{"@type":"ListItem","position":2,"name":"Cacha\u00e7a"}]},{"@type":"WebSite","@id":"https:\/\/selodeminas.com.br\/#website","url":"https:\/\/selodeminas.com.br\/","name":"Selo de Minas","description":"SelodeMinas.com.br \u00e9 um site dedicado a oferecer selos de qualidade e certifica\u00e7\u00e3o para produtos e servi\u00e7os produzidos em Minas Gerais, Brasil.","publisher":{"@id":"https:\/\/selodeminas.com.br\/#organization"},"alternateName":"www.selodeminas.com.br","potentialAction":[{"@type":"SearchAction","target":{"@type":"EntryPoint","urlTemplate":"https:\/\/selodeminas.com.br\/?s={search_term_string}"},"query-input":{"@type":"PropertyValueSpecification","valueRequired":true,"valueName":"search_term_string"}}],"inLanguage":"pt-BR"},{"@type":"Organization","@id":"https:\/\/selodeminas.com.br\/#organization","name":"Selo de Mias","alternateName":"www.selodeminas.com.br","url":"https:\/\/selodeminas.com.br\/","logo":{"@type":"ImageObject","inLanguage":"pt-BR","@id":"https:\/\/selodeminas.com.br\/#\/schema\/logo\/image\/","url":"https:\/\/selodeminas.com.br\/wp-content\/uploads\/2023\/11\/cropped-base_logo_transparent_background.png","contentUrl":"https:\/\/selodeminas.com.br\/wp-content\/uploads\/2023\/11\/cropped-base_logo_transparent_background.png","width":512,"height":512,"caption":"Selo de Mias"},"image":{"@id":"https:\/\/selodeminas.com.br\/#\/schema\/logo\/image\/"},"sameAs":["https:\/\/www.facebook.com\/people\/Selodeminas\/61552684990887\/?locale=pt_BR","https:\/\/www.instagram.com\/selodeminas\/"]}]}},"jetpack_sharing_enabled":true,"_links":{"self":[{"href":"https:\/\/selodeminas.com.br\/index.php\/wp-json\/wp\/v2\/pages\/764","targetHints":{"allow":["GET"]}}],"collection":[{"href":"https:\/\/selodeminas.com.br\/index.php\/wp-json\/wp\/v2\/pages"}],"about":[{"href":"https:\/\/selodeminas.com.br\/index.php\/wp-json\/wp\/v2\/types\/page"}],"author":[{"embeddable":true,"href":"https:\/\/selodeminas.com.br\/index.php\/wp-json\/wp\/v2\/users\/1"}],"replies":[{"embeddable":true,"href":"https:\/\/selodeminas.com.br\/index.php\/wp-json\/wp\/v2\/comments?post=764"}],"version-history":[{"count":4,"href":"https:\/\/selodeminas.com.br\/index.php\/wp-json\/wp\/v2\/pages\/764\/revisions"}],"predecessor-version":[{"id":769,"href":"https:\/\/selodeminas.com.br\/index.php\/wp-json\/wp\/v2\/pages\/764\/revisions\/769"}],"wp:attachment":[{"href":"https:\/\/selodeminas.com.br\/index.php\/wp-json\/wp\/v2\/media?parent=764"}],"curies":[{"name":"wp","href":"https:\/\/api.w.org\/{rel}","templated":true}]}}